{"id":24623,"date":"2025-09-04T00:32:57","date_gmt":"2025-09-04T00:32:57","guid":{"rendered":"https:\/\/tohnde.com\/?page_id=24623"},"modified":"2025-09-04T00:33:47","modified_gmt":"2025-09-04T00:33:47","slug":"disclaimer","status":"publish","type":"page","link":"https:\/\/tohnde.com\/es\/disclaimer\/","title":{"rendered":"Disclaimer"},"content":{"rendered":"<div data-elementor-type=\"wp-page\" data-elementor-id=\"24623\" class=\"elementor elementor-24623\" data-elementor-post-type=\"page\">\n\t\t\t\t<div class=\"elementor-element elementor-element-f366426 e-flex e-con-boxed e-con e-parent\" data-id=\"f366426\" data-element_type=\"container\" data-e-type=\"container\">\n\t\t\t\t\t<div class=\"e-con-inner\">\n\t\t\t\t<div class=\"elementor-element elementor-element-2a890ce elementor-widget elementor-widget-text-editor\" data-id=\"2a890ce\" data-element_type=\"widget\" data-e-type=\"widget\" data-widget_type=\"text-editor.default\">\n\t\t\t\t\t\t\t\t\t<h1>Descargo de Responsabilidad<\/h1><p>Actualizado el 2024-06-25<\/p><p>Agencia Adsde por la presente le otorga acceso a adsde.agency (&#8220;el sitio web&#8221;) y lo invita a comprar los servicios que se ofrecen aqu\u00ed.<\/p><h1>Definiciones y t\u00e9rminos clave<\/h1><p>Para ayudar a explicar las cosas de la manera m\u00e1s clara posible en este Descargo de Responsabilidad, cada vez que se hace referencia a cualquiera de estos t\u00e9rminos, se definen estrictamente como:<\/p><ul><li>Cookie:\u00a0peque\u00f1a cantidad de datos generados por un sitio web y guardados por su navegador web. Se utiliza para identificar su navegador, proporcionar an\u00e1lisis, recordar informaci\u00f3n sobre usted, como su preferencia de idioma o informaci\u00f3n de inicio de sesi\u00f3n.<\/li><li>Compa\u00f1\u00eda: cuando este Descargo de Responsabilidad menciona &#8220;Compa\u00f1\u00eda&#8221;, &#8220;nosotros&#8221;, &#8220;nos&#8221; o &#8220;nuestro&#8221;, se refiere a Logitrip SAS (Calle 48a #71b 26), que es responsable de su informaci\u00f3n en virtud de este Descargo de Responsabilidad.<\/li><li>Plataforma: sitio web de Internet, aplicaci\u00f3n web o aplicaci\u00f3n digital de cara al p\u00fablico de Agencia Adsde.<\/li><li>Servicio: se refiere al servicio brindado por Agencia Adsde como se describe en los t\u00e9rminos relativos (si est\u00e1n disponibles) y en esta plataforma.<\/li><li>Sitio web: el sitio de Agencia Adsde, al que se puede acceder a trav\u00e9s de esta URL: adsde.agency<\/li><li>Usted: una persona o entidad que est\u00e1 registrada con Agencia Adsde para utilizar los Servicios.<\/li><\/ul><h1>De Responsabilidad Limitada<\/h1><p>Agencia Adsde se esfuerza por actualizar y \/ o complementar el contenido de la plataforma de forma regular. A pesar de nuestro cuidado y atenci\u00f3n, el contenido puede estar incompleto y \/ o incorrecto.<\/p><p>Los materiales ofrecidos en la plataforma se ofrecen sin ning\u00fan tipo de garant\u00eda o reclamo de su exactitud. Estos materiales se pueden cambiar en cualquier momento sin previo aviso de Agencia Adsde.<\/p><p>En particular, todos los precios en la plataforma est\u00e1n sujetos a errores de escritura y programaci\u00f3n. No se asume ninguna responsabilidad por las implicaciones de tales errores. No se concluye ning\u00fan acuerdo sobre la base de tales errores.<\/p><p>Agencia Adsde no asumir\u00e1 ninguna responsabilidad por los hiperv\u00ednculos a sitios web o servicios de terceros incluidos en la plataforma. Desde nuestra plataforma, puede visitar otros sitios web siguiendo los hiperv\u00ednculos a dichos sitios externos. Si bien nos esforzamos por proporcionar solo enlaces de calidad a sitios web \u00fatiles y \u00e9ticos, no tenemos control sobre el contenido y la naturaleza de estos sitios. Estos enlaces a otros sitios web no implican una recomendaci\u00f3n para todo el contenido que se encuentra en estos sitios. Los propietarios del sitio y el contenido pueden cambiar sin previo aviso y pueden ocurrir antes de que tengamos la oportunidad de eliminar un enlace que puede haber fallado.<\/p><p>Tambi\u00e9n tenga en cuenta que cuando abandona nuestra plataforma, otros sitios pueden tener diferentes pol\u00edticas y t\u00e9rminos de privacidad que no est\u00e1n a nuestro control. Aseg\u00farese de consultar las Pol\u00edticas de privacidad de estos sitios, as\u00ed como sus &#8220;T\u00e9rminos de servicio&#8221; antes de participar en cualquier negocio o cargar cualquier informaci\u00f3n.<\/p><h1>Descargo de Responsabilidad de Enlaces a otros Sitios Web<\/h1><p>Este descargo de responsabilidad se aplica solo a los servicios. Los Servicios pueden contener enlaces a otros sitios web que Agencia Adsde no opera ni controla. No somos responsables del contenido, la precisi\u00f3n o las opiniones expresadas en dichos sitios web, y dichos sitios web no son investigados, monitoreados o verificados por nosotros para verificar su precisi\u00f3n o integridad. Recuerde que cuando utiliza un enlace para ir de los Servicios a otro sitio web, nuestra Pol\u00edtica de privacidad deja de estar en vigor. Su navegaci\u00f3n e interacci\u00f3n en cualquier otro sitio web, incluidos aquellos que tienen un enlace en nuestra plataforma, est\u00e1n sujetos a las propias reglas y pol\u00edticas de ese sitio web. Dichos terceros pueden utilizar sus propias cookies u otros m\u00e9todos para recopilar informaci\u00f3n sobre usted. Si hace clic en el enlace de un tercero, se le dirigir\u00e1 al sitio de ese tercero. Le recomendamos encarecidamente que revise la Pol\u00edtica de privacidad y los T\u00e9rminos de cada sitio que visite.<\/p><p>No tenemos control ni asumimos ninguna responsabilidad por el contenido, las pol\u00edticas de privacidad o las pr\u00e1cticas de sitios o servicios de terceros.<\/p><h1>Descargo de Responsabilidad por Errores y Omisiones<\/h1><p>Agencia Adsde no es responsable de ning\u00fan contenido, c\u00f3digo o cualquier otra imprecisi\u00f3n.<\/p><p>Agencia Adsde no ofrece garant\u00edas.<\/p><p>En ning\u00fan caso Agencia Adsde ser\u00e1 responsable de ning\u00fan da\u00f1o especial, directo, indirecto, consecuente o incidental o de cualquier da\u00f1o, ya sea en una acci\u00f3n contractual, negligencia u otro agravio, que surja de o en conexi\u00f3n con el uso del Servicio o el contenido del Servicio. Agencia Adsde se reserva el derecho de realizar adiciones, eliminaciones o modificaciones al contenido del Servicio en cualquier momento sin previo aviso.<\/p><h1>Descargo de Responsabilidad General<\/h1><p>El Servicio Agencia Adsde y su contenido se proporcionan &#8220;tal cual&#8221; y &#8220;seg\u00fan est\u00e9 disponible&#8221; sin ninguna garant\u00eda o representaci\u00f3n de ning\u00fan tipo, ya sea expresa o impl\u00edcita. Agencia Adsde es un distribuidor y no un editor del contenido proporcionado por terceros; como tal, Agencia Adsde no ejerce ning\u00fan control editorial sobre dicho contenido y no ofrece ninguna garant\u00eda o representaci\u00f3n en cuanto a la precisi\u00f3n, confiabilidad o vigencia de cualquier informaci\u00f3n, contenido, servicio o mercanc\u00eda proporcionada o accesible a trav\u00e9s del Servicio de Agencia Adsde.<br \/>Sin limitar lo anterior, Agencia Adsde renuncia espec\u00edficamente a todas las garant\u00edas y representaciones en cualquier contenido transmitido en conexi\u00f3n con el Servicio Agencia Adsde o en sitios que pueden aparecer como enlaces en el Servicio de Agencia Adsde, o en los productos proporcionados como parte o en relaci\u00f3n con el Servicio de Agencia Adsde, incluidas, entre otras, las garant\u00edas de comerciabilidad, idoneidad para un prop\u00f3sito particular o no infracci\u00f3n de derechos de terceros. Ning\u00fan consejo oral o informaci\u00f3n escrita proporcionada por Agencia Adsde o cualquiera de sus afiliados, empleados, funcionarios, directores, agentes o similares crear\u00e1 una garant\u00eda. La informaci\u00f3n sobre precios y disponibilidad est\u00e1 sujeta a cambios sin previo aviso. Sin limitar lo anterior, Agencia Adsde no garantiza que el Servicio de Agencia Adsde sea ininterrumpido, sin corrupci\u00f3n, oportuno o sin errores.<\/p><h1>Descargo de Responsabilidad de Copyright<\/h1><p>Todos los derechos de propiedad intelectual relacionados con estos materiales pertenecen a Agencia Adsde. No se permite la copia, distribuci\u00f3n y cualquier otro uso de estos materiales sin el permiso por escrito de Agencia Adsde, excepto y solo en la medida en que se disponga lo contrario en las regulaciones de la ley obligatoria (como el derecho a citar), a menos que se indique lo contrario ciertos materiales.<\/p><h1>Divulgaci\u00f3n de Afiliados<\/h1><p>Agencia Adsde tiene enlaces de afiliados y en esta secci\u00f3n del Descargo de responsabilidad abordaremos c\u00f3mo usamos esos enlaces de afiliados de otros sitios web \/ empresas y productos. Estos &#8220;enlaces de afiliados&#8221; son URL espec\u00edficas que contienen la identificaci\u00f3n o el nombre de usuario del afiliado.<\/p><p>De acuerdo con las pautas de la FTC, asuma lo siguiente sobre los enlaces y publicaciones en este sitio:<\/p><ul><li>Todos o cualquiera de los enlaces de Agencia Adsde son enlaces de afiliados de los cuales recibimos una peque\u00f1a comisi\u00f3n por las ventas de ciertos art\u00edculos, pero el precio es el mismo para ti. A medida que Agencia Adsde ha crecido, tambi\u00e9n lo han hecho los costos asociados con su funcionamiento y mantenimiento, y los enlaces de afiliados son una forma en que ayudamos a compensar estos costos.<\/li><li>Si publicamos un enlace de afiliado a un producto, es algo que usamos, apoyamos y recomendar\u00edamos personalmente sin un enlace de afiliado.<\/li><li>A menos que se indique lo contrario, todas las rese\u00f1as son de art\u00edculos que hemos comprado y no se nos paga ni compensa de ninguna manera.<\/li><\/ul><h1>Divulgaci\u00f3n de Informaci\u00f3n Financiera<\/h1><p>Las ventas brutas de mercanc\u00edas son una m\u00e9trica no GAAP. Lo usamos para expresar la demanda total en todos nuestros sitios web y tiendas. Este n\u00famero mide el valor en d\u00f3lares del pedido realizado en el a\u00f1o antes de acumularse para ciertos art\u00edculos, como devoluciones, e ignora ciertos cortes de tiempo que son requeridos por GAAP para prop\u00f3sitos de reconocimiento de ingresos. Si fu\u00e9ramos una empresa p\u00fablica, tendr\u00edamos que conciliar las ventas brutas de mercanc\u00edas con la m\u00e9trica GAAP m\u00e1s cercana (ventas netas), pero actualmente somos una empresa privada, por lo que el n\u00famero de ventas brutas de mercanc\u00edas deber\u00eda verse como un n\u00famero interesante que queremos compartir con nuestros amigos.<\/p><p>Este documento contiene declaraciones prospectivas que involucran riesgos e incertidumbres, as\u00ed como suposiciones que, si alguna vez se materializan o resultan incorrectas, podr\u00edan causar que los resultados difieran materialmente de los expresados o impl\u00edcitos en las declaraciones y suposiciones prospectivas.<br \/>Estos riesgos e incertidumbres incluyen, pero no se limitan a, el riesgo de desaceleraci\u00f3n econ\u00f3mica, el riesgo de compra excesiva o insuficiente, el riesgo de que los consumidores no compren en l\u00ednea en nuestro sitio web al ritmo que esper\u00e1bamos, el riesgo de escasez de proveedores, el riesgo de competencia nueva o creciente, el riesgo de desastres naturales o de otro tipo que afecten nuestro cumplimiento de operaciones hist\u00f3ricas o servidores web, y el riesgo de que el mundo en general llegue a su fin. Todas las declaraciones que no sean declaraciones de hechos hist\u00f3ricos son declaraciones que podr\u00edan considerarse declaraciones a futuro, incluidas declaraciones de expectativas o creencias; y cualquier declaraci\u00f3n de supuestos subyacentes a cualquiera de los anteriores. Agencia Adsde no asume ninguna obligaci\u00f3n y no tiene la intenci\u00f3n de actualizar estas declaraciones a futuro.<\/p><h1>Divulgaci\u00f3n de Publicidad<\/h1><p>Esta plataforma puede contener anuncios de terceros y enlaces a sitios de terceros. Agencia Adsde no hace ninguna representaci\u00f3n en cuanto a la exactitud o idoneidad de la informaci\u00f3n contenida en esos anuncios o sitios y no acepta ninguna responsabilidad u obligaci\u00f3n por la conducta o el contenido de esos anuncios y sitios y las ofertas realizadas por los terceros.<\/p><p>La publicidad mantiene a Agencia Adsde y a muchos de los sitios web y servicios que usted utiliza de forma gratuita. Trabajamos arduamente para asegurarnos de que los anuncios sean seguros, discretos y lo m\u00e1s relevantes posible.<\/p><p>Los anuncios de terceros y los enlaces a otros sitios donde se anuncian bienes o servicios no son respaldos ni recomendaciones de Agencia Adsde de los sitios, bienes o servicios de terceros. Agencia Adsde no asume ninguna responsabilidad por el contenido de los anuncios, las promesas hechas o la calidad \/ confiabilidad de los productos o servicios ofrecidos en todos los anuncios.<\/p><h1>Divulgaci\u00f3n de Testimonios<\/h1><p>Los testimonios proporcionados en esta plataforma son opiniones de quienes los proporcionan. No se debe confiar en la informaci\u00f3n proporcionada en los testimonios para predecir resultados en su situaci\u00f3n espec\u00edfica. Los resultados que experimente depender\u00e1n de muchos factores, incluidos, entre otros, su nivel de responsabilidad personal, compromiso y habilidades, adem\u00e1s de aquellos factores que usted y \/ o Agencia Adsde quiz\u00e1s no puedan anticipar.<\/p><p>Daremos testimonios honestos a nuestros visitantes independientemente de cualquier descuento. Cualquier producto o servicio que probamos son experiencias individuales, que reflejan experiencias de la vida real. Los testimonios pueden mostrarse en audio, texto o video y no son necesariamente representativos de todos aquellos que usar\u00e1n nuestros productos y \/ o servicios.<\/p><p>Agencia Adsde no garantiza los mismos resultados que los testimonios proporcionados en nuestra plataforma. Los testimonios presentados en Agencia Adsde son aplicables a las personas que los escriben y pueden no ser indicativos del \u00e9xito futuro de otras personas.<\/p><p>No dude en ponerse en contacto con nosotros si desea obtener m\u00e1s informaci\u00f3n sobre testimonios, descuentos o cualquiera de los productos \/ servicios que revisamos.<\/p><h1>Su consentimiento<\/h1><p>Hemos actualizado nuestro Descargo de Responsabilidad para brindarle total transparencia sobre lo que se establece cuando visita nuestro sitio y c\u00f3mo se utiliza. Al utilizar nuestra plataforma, registrar una cuenta o realizar una compra, por la presente acepta nuestro Descargo de Responsabilidad y acepta sus t\u00e9rminos.<\/p><h1>Cambios en nuestro Descargo de Responsabilidad<\/h1><p>Podemos actualizar, enmendar o realizar cambios en este documento para que reflejen con precisi\u00f3n nuestro Servicio y nuestras pol\u00edticas. A menos que la ley exija lo contrario, esos cambios se publicar\u00e1n de manera destacada aqu\u00ed. Luego, si contin\u00faa utilizando el Servicio, estar\u00e1 sujeto al Descargo de responsabilidad actualizado. Si no desea aceptar este o cualquier descargo de responsabilidad actualizado, puede eliminar su cuenta.<\/p><h1>Cont\u00e1ctenos<\/h1><p>No dude en ponerse en contacto con nosotros si tiene alguna pregunta sobre este Descargo de Responsabilidad.<\/p><ul><li>A trav\u00e9s de correo electr\u00f3nico: contacto@adsce.agency<\/li><li>A trav\u00e9s del n\u00famero de tel\u00e9fono: 3059105005<\/li><li>A trav\u00e9s de este enlace: adsde.agency<\/li><li>A trav\u00e9s de esta direcci\u00f3n: calle 48a # 71b &#8211; 26 Casa<\/li><\/ul><p><script data-cfasync=\"false\" src=\"\/cdn-cgi\/scripts\/5c5dd728\/cloudflare-static\/email-decode.min.js\"><\/script><\/p>\t\t\t\t\t\t\t\t<\/div>\n\t\t\t\t\t<\/div>\n\t\t\t\t<\/div>\n\t\t\t\t<\/div>","protected":false},"excerpt":{"rendered":"<p>Descargo de Responsabilidad Actualizado el 2024-06-25 Agencia Adsde por la presente le otorga acceso a adsde.agency (&#8220;el sitio web&#8221;) y lo invita a comprar los servicios que se ofrecen aqu\u00ed. Definiciones y t\u00e9rminos clave Para ayudar a explicar las cosas de la manera m\u00e1s clara posible en este Descargo de Responsabilidad, cada vez que se&hellip;<\/p>","protected":false},"author":1,"featured_media":0,"parent":0,"menu_order":800,"comment_status":"closed","ping_status":"closed","template":"","meta":{"_joinchat":[],"footnotes":""},"class_list":["post-24623","page","type-page","status-publish","hentry"],"_links":{"self":[{"href":"https:\/\/tohnde.com\/es\/wp-json\/wp\/v2\/pages\/24623","targetHints":{"allow":["GET"]}}],"collection":[{"href":"https:\/\/tohnde.com\/es\/wp-json\/wp\/v2\/pages"}],"about":[{"href":"https:\/\/tohnde.com\/es\/wp-json\/wp\/v2\/types\/page"}],"author":[{"embeddable":true,"href":"https:\/\/tohnde.com\/es\/wp-json\/wp\/v2\/users\/1"}],"replies":[{"embeddable":true,"href":"https:\/\/tohnde.com\/es\/wp-json\/wp\/v2\/comments?post=24623"}],"version-history":[{"count":4,"href":"https:\/\/tohnde.com\/es\/wp-json\/wp\/v2\/pages\/24623\/revisions"}],"predecessor-version":[{"id":24628,"href":"https:\/\/tohnde.com\/es\/wp-json\/wp\/v2\/pages\/24623\/revisions\/24628"}],"wp:attachment":[{"href":"https:\/\/tohnde.com\/es\/wp-json\/wp\/v2\/media?parent=24623"}],"curies":[{"name":"wp","href":"https:\/\/api.w.org\/{rel}","templated":true}]}}